{"id":5097,"date":"2025-08-08T11:07:15","date_gmt":"2025-08-08T09:07:15","guid":{"rendered":"https:\/\/www.ritecenergy.com\/termini-di-vendita\/"},"modified":"2025-11-17T10:53:16","modified_gmt":"2025-11-17T09:53:16","slug":"termini-di-vendita","status":"publish","type":"page","link":"https:\/\/www.ritecenergy.com\/en\/termini-di-vendita\/","title":{"rendered":"Termini di vendita"},"content":{"rendered":"<div class=\"fusion-fullwidth fullwidth-box fusion-builder-row-1 fusion-flex-container nonhundred-percent-fullwidth non-hundred-percent-height-scrolling\" style=\"--awb-border-radius-top-left:0px;--awb-border-radius-top-right:0px;--awb-border-radius-bottom-right:0px;--awb-border-radius-bottom-left:0px;--awb-padding-top:0px;--awb-margin-top:60px;--awb-margin-bottom:60px;--awb-flex-wrap:wrap;\" ><div class=\"fusion-builder-row fusion-row fusion-flex-align-items-flex-start fusion-flex-content-wrap\" style=\"max-width:1256.6px;margin-left: calc(-3% \/ 2 );margin-right: calc(-3% \/ 2 );\"><div class=\"fusion-layout-column fusion_builder_column fusion-builder-column-0 fusion_builder_column_1_1 1_1 fusion-flex-column\" style=\"--awb-bg-blend:overlay;--awb-bg-size:cover;--awb-width-large:100%;--awb-margin-top-large:0px;--awb-spacing-right-large:1.455%;--awb-margin-bottom-large:0px;--awb-spacing-left-large:1.455%;--awb-width-medium:100%;--awb-spacing-right-medium:1.455%;--awb-spacing-left-medium:1.455%;--awb-width-small:100%;--awb-spacing-right-small:1.455%;--awb-spacing-left-small:1.455%;\"><div class=\"fusion-column-wrapper fusion-flex-justify-content-flex-start fusion-content-layout-column\"><div class=\"fusion-text fusion-text-1\"><p>Gli acquisti effettuati su www.ritecenergy.com sono disciplinati dalle seguenti condizioni.<\/p>\n<p>Cliccando sul tasto \u201c<i>accetto<\/i>\u201d l\u2019utente accetta senza limitazioni o riserve le Condizioni.<\/p>\n<p>Il sito \u00e8 di propriet\u00e0 di RI.TEC. Srls \u2013 Via Benito Graziani, snc \u2013 02015 Cittaducale (RI) &#8211; partita IVA 01214180570 <\/p>\n<p><b>1. SERVIZI OFFERTI DAL SITO<\/b><\/p>\n<p>Per accedere ai Servizi non \u00e8 necessaria la registrazione al Sito. L\u2019utente potr\u00e0 effettuare la registrazione al sito contestualmente all\u2019acquisto di un Prodotto\/Servizio, ai sensi di quanto disposto dai presenti Termini e Condizioni e, nel corso della procedura di acquisto, verr\u00e0 chiesto agli utenti di specificare se intendono registrarsi o meno. In fase di registrazione verr\u00e0 chiesto agli utenti di specificare se intendono registrarsi e quindi effettuare gli acquisti in qualit\u00e0 di societ\u00e0, ditta individuale\/libero professionista, privato o associazione, specificando altres\u00ec la nazionalit\u00e0 dell\u2019utente. Solamente gli acquisti effettuati da utenti privati saranno soggetti alla disciplina applicabile in materia di consumatori.   <\/p>\n<p>Tutti i prezzi finali dei servizi visualizzati sul Sito sono espressi in euro IVA compresa. I prezzi dei servizi possono essere soggetti a variazioni periodiche. <\/p>\n<p><b>2. SCELTA DEL SERVIZIO E MODALIT\u00c0 D\u2019ACQUISTO<\/b><\/p>\n<p>L\u2019 utente potr\u00e0 procedere alla selezione dei servizi cos\u00ec come descritti nelle relative sezioni, selezionandoli volta per volta, selezionando le varie opzioni, e aggiungendo le quantit\u00e0 desiderate nel proprio carrello degli acquisti.<\/p>\n<p>Al termine della selezione degli articoli desiderati, sar\u00e0 visualizzata una schermata per l\u2019invio dell\u2019ordine con indicazione dei costi e delle spese totali.<\/p>\n<p><b>3. PAGAMENTI <\/b><\/p>\n<p>Il cliente potr\u00e0 acquistare i prodotti online ed effettuare i pagamenti a mezzo bonifico. come indicato sul Sito, seguendo le istruzioni indicate per la procedura d\u2019acquisto. <\/p>\n<p>Le informazioni necessarie per il pagamento saranno inoltrate, tramite protocolli crittografati, all\u2019istituto di pagamento cui sono affidati da RestAntro Srls i servizi di pagamento elettronico a distanza, senza possibilit\u00e0 di accessi da parte di terzi.<\/p>\n<p>I pagamenti devono essere effettuati anticipatamente e, solo dopo il pagamento, i servizi richiesti vengono erogati.<\/p>\n<p>Per i pagamenti tramite Bonifico Bancario \u00e8 inoltre necessario inserire il numero d\u2019ordine nella causale del versamento per identificare la transazione. La fattura verr\u00e0 inviata tramite email a pagamento ricevuto. <\/p>\n<p><b>4. DIRITTO DI RECESSO O \u201cRIPENSAMENTO\u201d<\/b><\/p>\n<p><b>Diritto di recesso<\/b><\/p>\n<p>Lei ha il diritto di recedere dal contratto, senza indicarne le ragioni, entro 14 giorni. Il periodo di recesso scade dopo 14 giorni dal giorno nel caso di un contratto di vendita: \u00abin cui Lei o un terzo, diverso dal vettore e da Lei designato, acquisisce il possesso fisico dei beni.\u00bb. <\/p>\n<p>Per esercitare il diritto di recesso, Lei \u00e8 tenuto a informarci della sua decisione di recedere dal presente contratto tramite una dichiarazione esplicita (ad esempio lettera inviata per posta, fax o posta elettronica) inserendo.<\/p>\n<p><b>NOME\/NOME DITTA <\/b><\/p>\n<p><b>INDIRIZZO <\/b><\/p>\n<p><b>TELEFONO <\/b><\/p>\n<p><b>EMAIL <\/b><\/p>\n<p>Per rispettare il termine di recesso, \u00e8 sufficiente che Lei invii la comunicazione relativa all\u2019esercizio del diritto di recesso prima della scadenza del periodo di recesso.<\/p>\n<p><b>Effetti del recesso<\/b><\/p>\n<p>Se Lei recede dal presente contratto, Le saranno rimborsati tutti i pagamenti che ha effettuato a nostro favore, senza indebito ritardo e in ogni caso non oltre 14 giorni dal giorno in cui siamo informati della Sua decisione di recedere dal presente contratto. Detti rimborsi saranno effettuati utilizzando lo stesso mezzo di pagamento da Lei usato per la transazione iniziale, in ogni caso, non dovr\u00e0 sostenere alcun costo quale conseguenza di tale rimborso. <\/p>\n<p><b>Eccezioni al Diritto di Recesso<\/b><\/p>\n<p>Il diritto di recesso di cui agli articoli da 52 a 58 per i contratti a distanza e i contratti negoziati fuori dei locali commerciali \u00e8 escluso relativamente a:<\/p>\n<p>a) i contratti di servizi dopo la completa prestazione del servizio se l\u2019esecuzione \u00e8 iniziata con l\u2019accordo espresso del consumatore e con l\u2019accettazione della perdita del diritto di recesso a seguito della piena esecuzione del contratto da parte del professionista;<\/p>\n<p>b) la fornitura di beni o servizi il cui prezzo \u00e8 legato a fluttuazioni nel mercato finanziario che il professionista non \u00e8 in grado di controllare e che possono verificarsi durante il periodo di recesso;<\/p>\n<p>c) la fornitura di beni confezionati su misura o chiaramente personalizzati;<\/p>\n<p>d) la fornitura di beni che rischiano di deteriorarsi o scadere rapidamente;<\/p>\n<p>e) la fornitura di beni sigillati che non si prestano ad essere restituiti per motivi igienici o connessi alla protezione della salute e sono stati aperti dopo la consegna;<\/p>\n<p>f) la fornitura di beni che, dopo la consegna, risultano, per loro natura, inscindibilmente mescolati con altri beni;<\/p>\n<p>g) la fornitura di bevande alcoliche, il cui prezzo sia stato concordato al momento della conclusione del contratto di vendita, la cui consegna possa avvenire solo dopo trenta giorni e il cui valore effettivo dipenda da fluttuazioni sul mercato che non possono essere controllate dal professionista;<\/p>\n<p>h) i contratti in cui il consumatore ha specificamente richiesto una visita da parte del professionista ai fini dell\u2019effettuazione di lavori urgenti di riparazione o manutenzione. Se, in occasione di tale visita, il professionista fornisce servizi oltre a quelli specificamente richiesti dal consumatore o beni diversi dai pezzi di ricambio necessari per effettuare la manutenzione o le riparazioni, il diritto di recesso si applica a tali servizi o beni supplementari; <\/p>\n<p>i) la fornitura di registrazioni audio o video sigillate o di software informatici sigillati che sono stati aperti dopo la consegna;<\/p>\n<p>l) la fornitura di giornali, periodici e riviste ad eccezione dei contratti di abbonamento per la fornitura di tali pubblicazioni;<\/p>\n<p>m) i contratti conclusi in occasione di un\u2019asta pubblica;<\/p>\n<p>n) la fornitura di alloggi per fini non residenziali, il trasporto di beni, i servizi di noleggio di autovetture, i servizi di catering o i servizi riguardanti le attivit\u00e0 del tempo libero qualora il contratto preveda una data o un periodo di esecuzione specifici;<\/p>\n<p>o) la fornitura di contenuto digitale mediante un supporto non materiale se l\u2019esecuzione \u00e8 iniziata con l\u2019accordo espresso del consumatore e con la sua accettazione del fatto che in tal caso avrebbe perso il diritto di recesso.<\/p>\n<p>ricezione del materiale. RI.TEC. Srl far\u00e0 del proprio meglio per rispondere alle segnalazioni ricevute entro due ore.  <\/p>\n<p><b>5. LEGGE APPLICABILE, GIURISDIZIONE E FORO COMPETENTE PER UTENTI NON CONSUMATORI<\/b><\/p>\n<p>Le presenti Condizioni sono soggette alla legge Italiana.<\/p>\n<p>Per tutti gli ordinativi provenienti da soggetti non qualificabili come \u201cconsumatori\u201d, tutte le controversie relative all\u2019interpretazione e\/o all\u2019esecuzione del presente contratto, saranno di esclusiva competenza del foro di Rieti.<\/p>\n<p>Rev. 1 \u2013 01\/09\/2025<\/p>\n<p>Le Clausole contrattuali \u201cTermini e Condizioni di Vendita\u201d non sono retroattive alla data della revisione<\/p><\/p>\n<\/div><\/div><\/div><\/div><\/div><!-- \/wp:post-content -->","protected":false},"excerpt":{"rendered":"","protected":false},"author":1,"featured_media":5095,"parent":0,"menu_order":0,"comment_status":"closed","ping_status":"closed","template":"","meta":{"_acf_changed":false,"footnotes":""},"class_list":["post-5097","page","type-page","status-publish","has-post-thumbnail","hentry"],"acf":[],"_links":{"self":[{"href":"https:\/\/www.ritecenergy.com\/en\/wp-json\/wp\/v2\/pages\/5097","targetHints":{"allow":["GET"]}}],"collection":[{"href":"https:\/\/www.ritecenergy.com\/en\/wp-json\/wp\/v2\/pages"}],"about":[{"href":"https:\/\/www.ritecenergy.com\/en\/wp-json\/wp\/v2\/types\/page"}],"author":[{"embeddable":true,"href":"https:\/\/www.ritecenergy.com\/en\/wp-json\/wp\/v2\/users\/1"}],"replies":[{"embeddable":true,"href":"https:\/\/www.ritecenergy.com\/en\/wp-json\/wp\/v2\/comments?post=5097"}],"version-history":[{"count":5,"href":"https:\/\/www.ritecenergy.com\/en\/wp-json\/wp\/v2\/pages\/5097\/revisions"}],"predecessor-version":[{"id":5359,"href":"https:\/\/www.ritecenergy.com\/en\/wp-json\/wp\/v2\/pages\/5097\/revisions\/5359"}],"wp:featuredmedia":[{"embeddable":true,"href":"https:\/\/www.ritecenergy.com\/en\/wp-json\/wp\/v2\/media\/5095"}],"wp:attachment":[{"href":"https:\/\/www.ritecenergy.com\/en\/wp-json\/wp\/v2\/media?parent=5097"}],"curies":[{"name":"wp","href":"https:\/\/api.w.org\/{rel}","templated":true}]}}